{"id":11432,"date":"2016-05-10T03:48:21","date_gmt":"2016-05-10T03:48:21","guid":{"rendered":"https:\/\/yesverkosto.fi\/sample-page"},"modified":"2026-02-17T14:28:03","modified_gmt":"2026-02-17T12:28:03","slug":"sample-page","status":"publish","type":"page","link":"https:\/\/yesverkosto.fi\/sv","title":{"rendered":"Framsida"},"content":{"rendered":"[vc_row type=&#8221;full_width_background&#8221; full_screen_row_position=&#8221;middle&#8221; column_margin=&#8221;default&#8221; column_direction=&#8221;default&#8221; column_direction_tablet=&#8221;default&#8221; column_direction_phone=&#8221;default&#8221; bg_image=&#8221;11&#8243; bg_image_type=&#8221;default&#8221; bg_position=&#8221;center center&#8221; background_image_loading=&#8221;default&#8221; bg_repeat=&#8221;no-repeat&#8221; video_bg=&#8221;use_video&#8221; video_external=&#8221;https:\/\/www.youtube.com\/watch?v=RpMdpyOBrYA&amp;feature=youtu.be&#8221; background_video_loading=&#8221;default&#8221; scene_position=&#8221;center&#8221; top_padding=&#8221;20%&#8221; bottom_padding=&#8221;20%&#8221; text_color=&#8221;dark&#8221; text_align=&#8221;center&#8221; row_border_radius=&#8221;none&#8221; row_border_radius_applies=&#8221;bg&#8221; row_position_desktop=&#8221;default&#8221; row_position_tablet=&#8221;inherit&#8221; row_position_phone=&#8221;inherit&#8221; overflow=&#8221;visible&#8221; enable_gradient=&#8221;true&#8221; color_overlay=&#8221;#000000&#8243; color_overlay_2=&#8221;rgba(10,10,10,0.22)&#8221; overlay_strength=&#8221;0.5&#8243; gradient_direction=&#8221;top_to_bottom&#8221; shape_divider_position=&#8221;bottom&#8221; bg_image_animation=&#8221;none&#8221; shape_type=&#8221;&#8221;][vc_column column_padding=&#8221;no-extra-padding&#8221; column_padding_tablet=&#8221;inherit&#8221; column_padding_phone=&#8221;inherit&#8221; column_padding_position=&#8221;all&#8221; flex_gap_desktop=&#8221;10px&#8221; column_element_direction_desktop=&#8221;default&#8221; column_element_spacing=&#8221;default&#8221; desktop_text_alignment=&#8221;default&#8221; tablet_text_alignment=&#8221;default&#8221; phone_text_alignment=&#8221;default&#8221; background_color_opacity=&#8221;1&#8243; background_hover_color_opacity=&#8221;1&#8243; column_backdrop_filter=&#8221;none&#8221; column_shadow=&#8221;none&#8221; column_border_radius=&#8221;none&#8221; column_link_target=&#8221;_self&#8221; column_position=&#8221;default&#8221; gradient_direction=&#8221;left_to_right&#8221; overlay_strength=&#8221;0.3&#8243; width=&#8221;1\/1&#8243; tablet_width_inherit=&#8221;default&#8221; animation_type=&#8221;default&#8221; bg_image_animation=&#8221;none&#8221; border_type=&#8221;simple&#8221; column_border_width=&#8221;none&#8221; column_border_style=&#8221;solid&#8221;][vc_custom_heading text=&#8221;Vi erbjuder st\u00f6d och n\u00e4tverk till dig som arbetar med f\u00f6retagsamhetsfostran. Kom med!&#8221; font_container=&#8221;tag:h1|text_align:center|color:%23ffffff&#8221; use_theme_fonts=&#8221;yes&#8221;][\/vc_column][\/vc_row][vc_row type=&#8221;in_container&#8221; full_screen_row_position=&#8221;middle&#8221; column_margin=&#8221;default&#8221; column_direction=&#8221;default&#8221; column_direction_tablet=&#8221;default&#8221; column_direction_phone=&#8221;default&#8221; scene_position=&#8221;center&#8221; text_color=&#8221;dark&#8221; text_align=&#8221;left&#8221; row_border_radius=&#8221;none&#8221; row_border_radius_applies=&#8221;bg&#8221; row_position_desktop=&#8221;default&#8221; row_position_tablet=&#8221;inherit&#8221; row_position_phone=&#8221;inherit&#8221; overflow=&#8221;visible&#8221; overlay_strength=&#8221;0.3&#8243; gradient_direction=&#8221;left_to_right&#8221; shape_divider_position=&#8221;bottom&#8221; bg_image_animation=&#8221;none&#8221;][vc_column column_padding=&#8221;padding-8-percent&#8221; column_padding_tablet=&#8221;inherit&#8221; column_padding_phone=&#8221;inherit&#8221; column_padding_position=&#8221;all&#8221; top_margin=&#8221;-15%&#8221; flex_gap_desktop=&#8221;10px&#8221; column_element_direction_desktop=&#8221;default&#8221; column_element_spacing=&#8221;default&#8221; desktop_text_alignment=&#8221;default&#8221; tablet_text_alignment=&#8221;default&#8221; phone_text_alignment=&#8221;default&#8221; background_color=&#8221;#ffffff&#8221; background_color_opacity=&#8221;1&#8243; background_hover_color_opacity=&#8221;1&#8243; column_backdrop_filter=&#8221;none&#8221; column_shadow=&#8221;small_depth&#8221; column_border_radius=&#8221;3px&#8221; column_link_target=&#8221;_self&#8221; column_position=&#8221;default&#8221; gradient_direction=&#8221;left_to_right&#8221; overlay_strength=&#8221;0.3&#8243; width=&#8221;1\/1&#8243; tablet_width_inherit=&#8221;default&#8221; animation_type=&#8221;default&#8221; bg_image_animation=&#8221;none&#8221; border_type=&#8221;simple&#8221; column_border_width=&#8221;none&#8221; column_border_style=&#8221;solid&#8221;][vc_column_text]\n<h1 class=\"entry-title\">YES \u2013 F\u00f6retagsamhetsfostrarnas eget n\u00e4tverk<\/h1>\n[\/vc_column_text][vc_column_text css=&#8221;&#8221; text_direction=&#8221;default&#8221;]\n<h2>YES \u00e4r Finlands ledande expertn\u00e4tverk inom entrepren\u00f6rskapsfostran som sammanf\u00f6r olika akt\u00f6rer f\u00f6r att bygga effektiv entrepren\u00f6rskapsfostran. YES-n\u00e4tverket f\u00f6renar olika akt\u00f6rer f\u00f6r att skapa en effektivare f\u00f6retagsamhetsfostran b\u00e5de nationellt och regionalt.<\/h2>\n[\/vc_column_text][vc_row_inner equal_height=&#8221;yes&#8221; column_margin=&#8221;default&#8221; column_direction=&#8221;default&#8221; column_direction_tablet=&#8221;default&#8221; column_direction_phone=&#8221;default&#8221; top_padding=&#8221;4%&#8221; bottom_padding=&#8221;2%&#8221; text_align=&#8221;left&#8221; row_position=&#8221;default&#8221; row_position_tablet=&#8221;inherit&#8221; row_position_phone=&#8221;inherit&#8221; overflow=&#8221;visible&#8221; pointer_events=&#8221;all&#8221;][vc_column_inner column_padding=&#8221;no-extra-padding&#8221; column_padding_tablet=&#8221;inherit&#8221; column_padding_phone=&#8221;inherit&#8221; column_padding_position=&#8221;all&#8221; flex_gap_desktop=&#8221;10px&#8221; column_element_direction_desktop=&#8221;default&#8221; column_element_spacing=&#8221;default&#8221; desktop_text_alignment=&#8221;default&#8221; tablet_text_alignment=&#8221;default&#8221; phone_text_alignment=&#8221;default&#8221; background_color_opacity=&#8221;1&#8243; background_hover_color_opacity=&#8221;1&#8243; column_backdrop_filter=&#8221;none&#8221; column_shadow=&#8221;none&#8221; column_border_radius=&#8221;none&#8221; column_link_target=&#8221;_self&#8221; overflow=&#8221;visible&#8221; gradient_direction=&#8221;left_to_right&#8221; overlay_strength=&#8221;0.3&#8243; width=&#8221;1\/6&#8243; tablet_width_inherit=&#8221;default&#8221; animation_type=&#8221;default&#8221; bg_image_animation=&#8221;none&#8221; border_type=&#8221;simple&#8221; column_border_width=&#8221;none&#8221; column_border_style=&#8221;solid&#8221;][\/vc_column_inner][vc_column_inner column_padding=&#8221;no-extra-padding&#8221; column_padding_tablet=&#8221;inherit&#8221; column_padding_phone=&#8221;inherit&#8221; column_padding_position=&#8221;all&#8221; flex_gap_desktop=&#8221;10px&#8221; column_element_direction_desktop=&#8221;default&#8221; column_element_spacing=&#8221;default&#8221; desktop_text_alignment=&#8221;default&#8221; tablet_text_alignment=&#8221;default&#8221; phone_text_alignment=&#8221;default&#8221; background_color_opacity=&#8221;1&#8243; background_hover_color_opacity=&#8221;1&#8243; column_backdrop_filter=&#8221;none&#8221; column_shadow=&#8221;none&#8221; column_border_radius=&#8221;none&#8221; column_link_target=&#8221;_self&#8221; overflow=&#8221;visible&#8221; gradient_direction=&#8221;left_to_right&#8221; overlay_strength=&#8221;0.3&#8243; width=&#8221;2\/3&#8243; tablet_width_inherit=&#8221;default&#8221; animation_type=&#8221;default&#8221; bg_image_animation=&#8221;none&#8221; border_type=&#8221;simple&#8221; column_border_width=&#8221;none&#8221; column_border_style=&#8221;solid&#8221;][vc_column_text]YES-n\u00e4tverket erbjuder st\u00f6d och m\u00f6jligheter f\u00f6r kommuner, l\u00e4roanstalter och \u00f6vriga akt\u00f6rer inom f\u00f6retagsamhetsfostran att utveckla den f\u00f6retagsamma kompetensen samt en m\u00f6jlighet att n\u00e4tverka med andra akt\u00f6rer som \u00e4r intresserade av f\u00f6retagsamhetsfostran.<\/p>\n<p>YES-n\u00e4tverkets verksamhetss\u00e4tt \u00e4r samutveckling och verksamhetsmodellen \u00e4r n\u00e4tverkssamarbete. YES n\u00e4tverkskompetens utg\u00f6rs av f\u00f6rm\u00e5gan att f\u00f6rst\u00e5 n\u00e4tverk, viljan att bygga f\u00f6rtroende, visionen att st\u00e4rka kompetensen och viljan att bygga ett m\u00e5linriktat samarbete. Via den gemensamma verksamheten kan vi skapa m\u00e5l f\u00f6r f\u00f6retagsamhetsfostran, utarbeta \u00e5tg\u00e4rder och skapa verktyg med vars hj\u00e4lp m\u00e5len kan n\u00e5s.<\/p>\n<p>YES tj\u00e4nster best\u00e5r av utvecklingstj\u00e4nster f\u00f6r f\u00f6retagsamhetsfostran, n\u00e4tverkssamarbete, coachningar i f\u00f6retagsamhetsfostran och modeller och verktyg f\u00f6r samarbetet mellan skola och f\u00f6retag. Dessutom producerar YES material f\u00f6r utvecklingen och genomf\u00f6randet av f\u00f6retagsamhetsfostran.<\/p>\n<p>YES verksamhet finansieras av medlemmar och <a href=\"https:\/\/yesverkosto.fi\/yhteistyossa\">samarbetspartner<\/a>.<\/p>\n<p><a href=\"https:\/\/yesverkosto.fi\/liity-jaseneksi\">Medlemskap<\/a> i YES rf \u00e4r \u00f6ppet f\u00f6r alla personer och samfund som vill utveckla f\u00f6retagsamhetsfostran.<\/p>\n<h3>Varf\u00f6r g\u00f6r vi detta? Syftet med YES-n\u00e4tverket<\/h3>\n<p>Vi i YES-n\u00e4tverket vill sammanf\u00f6ra kommunala akt\u00f6rer f\u00f6r att skapa en effektivare f\u00f6retagsamhetsfostran som genererar kompetens, v\u00e4lbefinnande och livskraft. YES visar v\u00e4gen f\u00f6r utvecklingen av f\u00f6retagsamhetsfostran.<\/p>\n<h3>Vad hoppas vi uppn\u00e5 med YES-n\u00e4tverket?<\/h3>\n<p>V\u00e5r vision \u00e4r att varje kommun i Finland \u00e4r en f\u00f6retagsamhetsfostrankommun under ledning av YES-n\u00e4tverket. Finl\u00e4ndska barn och unga bygger dj\u00e4rvt upp sin framtid s\u00e5 som de vill ha den. Med en f\u00f6retagsam inst\u00e4llning skapar de v\u00e4lbefinnande f\u00f6r sig sj\u00e4lva och andra.<\/p>\n<p>F\u00f6retagsamhetsfostrankommun inneb\u00e4r bland annat att man inom kommunen f\u00f6rst\u00e5r att f\u00f6retagsamhetsfostran \u00e4r en del av kommunens olika utvecklings\u00e5tg\u00e4rder och att f\u00f6retagsamhetsfostran \u00e4r en del av kommunens strategier. Kommunen f\u00f6rst\u00e5r betydelsen av n\u00e4tverksarbete: f\u00f6retagsamhetsfostran utvecklas i ett ekosystem av f\u00f6retagsam kompetens.<\/p>\n<p>F\u00f6retagsamhetsfostrankommunen har ett eget team f\u00f6r f\u00f6retagsamhetsfostran och kommunen har utarbetat en fullst\u00e4ndig plan f\u00f6r f\u00f6retagsamhetsfostran. Detta inneb\u00e4r att kommunen har skapat en modell f\u00f6r hur f\u00f6retagsamhetsfostran genomf\u00f6rs i alla skolstadier fr\u00e5n sm\u00e5barnspedagogik till gymnasiet. I en f\u00f6retagsamhetsfostrankommun har \u00e4ven resurser avsatts f\u00f6r samordningen av f\u00f6retagsamhetsfostran.<\/p>\n<p><a href=\"https:\/\/yesverkosto.fi\/yhteystiedot\">Kontakt oss<\/a>[\/vc_column_text][\/vc_column_inner][vc_column_inner column_padding=&#8221;no-extra-padding&#8221; column_padding_tablet=&#8221;inherit&#8221; column_padding_phone=&#8221;inherit&#8221; column_padding_position=&#8221;all&#8221; flex_gap_desktop=&#8221;10px&#8221; column_element_direction_desktop=&#8221;default&#8221; column_element_spacing=&#8221;default&#8221; desktop_text_alignment=&#8221;default&#8221; tablet_text_alignment=&#8221;default&#8221; phone_text_alignment=&#8221;default&#8221; background_color_opacity=&#8221;1&#8243; background_hover_color_opacity=&#8221;1&#8243; column_backdrop_filter=&#8221;none&#8221; column_shadow=&#8221;none&#8221; column_border_radius=&#8221;none&#8221; column_link_target=&#8221;_self&#8221; overflow=&#8221;visible&#8221; gradient_direction=&#8221;left_to_right&#8221; overlay_strength=&#8221;0.3&#8243; width=&#8221;1\/6&#8243; tablet_width_inherit=&#8221;default&#8221; animation_type=&#8221;default&#8221; bg_image_animation=&#8221;none&#8221; border_type=&#8221;simple&#8221; column_border_width=&#8221;none&#8221; column_border_style=&#8221;solid&#8221;][\/vc_column_inner][\/vc_row_inner][\/vc_column][\/vc_row]\n","protected":false},"excerpt":{"rendered":"<p>[vc_row type=&#8221;full_width_background&#8221; full_screen_row_position=&#8221;middle&#8221; column_margin=&#8221;default&#8221; column_direction=&#8221;default&#8221; column_direction_tablet=&#8221;default&#8221; column_direction_phone=&#8221;default&#8221; bg_image=&#8221;11&#8243; bg_image_type=&#8221;default&#8221; bg_position=&#8221;center center&#8221; background_image_loading=&#8221;default&#8221; bg_repeat=&#8221;no-repeat&#8221; video_bg=&#8221;use_video&#8221; video_external=&#8221;https:\/\/www.youtube.com\/watch?v=RpMdpyOBrYA&amp;feature=youtu.be&#8221;&#8230;<\/p>\n","protected":false},"author":1,"featured_media":0,"parent":0,"menu_order":0,"comment_status":"closed","ping_status":"open","template":"","meta":{"_acf_changed":false,"footnotes":""},"class_list":["post-11432","page","type-page","status-publish"],"acf":[],"yoast_head":"<!-- This site is optimized with the Yoast SEO plugin v27.4 - https:\/\/yoast.com\/product\/yoast-seo-wordpress\/ -->\n<title>Framsida - YES ry<\/title>\n<meta name=\"robots\" content=\"index, follow, max-snippet:-1, max-image-preview:large, max-video-preview:-1\" \/>\n<link rel=\"canonical\" href=\"https:\/\/yesverkosto.fi\/sv\" \/>\n<meta property=\"og:locale\" content=\"sv_SE\" \/>\n<meta property=\"og:type\" content=\"article\" \/>\n<meta property=\"og:title\" content=\"Framsida - YES ry\" \/>\n<meta property=\"og:description\" content=\"[vc_row type=&#8221;full_width_background&#8221; full_screen_row_position=&#8221;middle&#8221; column_margin=&#8221;default&#8221; column_direction=&#8221;default&#8221; column_direction_tablet=&#8221;default&#8221; column_direction_phone=&#8221;default&#8221; bg_image=&#8221;11&#8243; bg_image_type=&#8221;default&#8221; bg_position=&#8221;center center&#8221; background_image_loading=&#8221;default&#8221; bg_repeat=&#8221;no-repeat&#8221; video_bg=&#8221;use_video&#8221; video_external=&#8221;https:\/\/www.youtube.com\/watch?v=RpMdpyOBrYA&amp;feature=youtu.be&#8221;...\" \/>\n<meta property=\"og:url\" content=\"https:\/\/yesverkosto.fi\/sv\" \/>\n<meta property=\"og:site_name\" content=\"YES ry\" \/>\n<meta property=\"article:publisher\" content=\"https:\/\/www.facebook.com\/yesverkosto\/\" \/>\n<meta property=\"article:modified_time\" content=\"2026-02-17T12:28:03+00:00\" \/>\n<meta name=\"twitter:card\" content=\"summary_large_image\" \/>\n<meta name=\"twitter:site\" content=\"@YESverkosto\" \/>\n<meta name=\"twitter:label1\" content=\"Ber\u00e4knad l\u00e4stid\" \/>\n\t<meta name=\"twitter:data1\" content=\"3 minuter\" \/>\n<script type=\"application\/ld+json\" class=\"yoast-schema-graph\">{\"@context\":\"https:\\\/\\\/schema.org\",\"@graph\":[{\"@type\":\"WebPage\",\"@id\":\"https:\\\/\\\/yesverkosto.fi\\\/sv\",\"url\":\"https:\\\/\\\/yesverkosto.fi\\\/sv\",\"name\":\"Framsida - YES ry\",\"isPartOf\":{\"@id\":\"https:\\\/\\\/yesverkosto.fi\\\/#website\"},\"datePublished\":\"2016-05-10T03:48:21+00:00\",\"dateModified\":\"2026-02-17T12:28:03+00:00\",\"breadcrumb\":{\"@id\":\"https:\\\/\\\/yesverkosto.fi\\\/sv#breadcrumb\"},\"inLanguage\":\"sv-SE\",\"potentialAction\":[{\"@type\":\"ReadAction\",\"target\":[\"https:\\\/\\\/yesverkosto.fi\\\/sv\"]}]},{\"@type\":\"BreadcrumbList\",\"@id\":\"https:\\\/\\\/yesverkosto.fi\\\/sv#breadcrumb\",\"itemListElement\":[{\"@type\":\"ListItem\",\"position\":1,\"name\":\"Home\",\"item\":\"https:\\\/\\\/yesverkosto.fi\\\/sv\"},{\"@type\":\"ListItem\",\"position\":2,\"name\":\"Framsida\"}]},{\"@type\":\"WebSite\",\"@id\":\"https:\\\/\\\/yesverkosto.fi\\\/#website\",\"url\":\"https:\\\/\\\/yesverkosto.fi\\\/\",\"name\":\"YES ry\",\"description\":\"Yritt&auml;jyyskasvatuksen asiantuntijaverkosto\",\"publisher\":{\"@id\":\"https:\\\/\\\/yesverkosto.fi\\\/#organization\"},\"potentialAction\":[{\"@type\":\"SearchAction\",\"target\":{\"@type\":\"EntryPoint\",\"urlTemplate\":\"https:\\\/\\\/yesverkosto.fi\\\/?s={search_term_string}\"},\"query-input\":{\"@type\":\"PropertyValueSpecification\",\"valueRequired\":true,\"valueName\":\"search_term_string\"}}],\"inLanguage\":\"sv-SE\"},{\"@type\":\"Organization\",\"@id\":\"https:\\\/\\\/yesverkosto.fi\\\/#organization\",\"name\":\"Valtakunnallinen YES ry\",\"url\":\"https:\\\/\\\/yesverkosto.fi\\\/\",\"logo\":{\"@type\":\"ImageObject\",\"inLanguage\":\"sv-SE\",\"@id\":\"https:\\\/\\\/yesverkosto.fi\\\/#\\\/schema\\\/logo\\\/image\\\/\",\"url\":\"https:\\\/\\\/yesverkosto.fi\\\/wp-content\\\/uploads\\\/2019\\\/06\\\/yeslogo_400-e1559811195160.png\",\"contentUrl\":\"https:\\\/\\\/yesverkosto.fi\\\/wp-content\\\/uploads\\\/2019\\\/06\\\/yeslogo_400-e1559811195160.png\",\"width\":380,\"height\":380,\"caption\":\"Valtakunnallinen YES ry\"},\"image\":{\"@id\":\"https:\\\/\\\/yesverkosto.fi\\\/#\\\/schema\\\/logo\\\/image\\\/\"},\"sameAs\":[\"https:\\\/\\\/www.facebook.com\\\/yesverkosto\\\/\",\"https:\\\/\\\/x.com\\\/YESverkosto\",\"https:\\\/\\\/www.instagram.com\\\/yesverkosto\\\/?hl=fi\",\"https:\\\/\\\/www.linkedin.com\\\/company\\\/yesverkosto\\\/\"]}]}<\/script>\n<!-- \/ Yoast SEO plugin. -->","yoast_head_json":{"title":"Framsida - YES ry","robots":{"index":"index","follow":"follow","max-snippet":"max-snippet:-1","max-image-preview":"max-image-preview:large","max-video-preview":"max-video-preview:-1"},"canonical":"https:\/\/yesverkosto.fi\/sv","og_locale":"sv_SE","og_type":"article","og_title":"Framsida - YES ry","og_description":"[vc_row type=&#8221;full_width_background&#8221; full_screen_row_position=&#8221;middle&#8221; column_margin=&#8221;default&#8221; column_direction=&#8221;default&#8221; column_direction_tablet=&#8221;default&#8221; column_direction_phone=&#8221;default&#8221; bg_image=&#8221;11&#8243; bg_image_type=&#8221;default&#8221; bg_position=&#8221;center center&#8221; background_image_loading=&#8221;default&#8221; bg_repeat=&#8221;no-repeat&#8221; video_bg=&#8221;use_video&#8221; video_external=&#8221;https:\/\/www.youtube.com\/watch?v=RpMdpyOBrYA&amp;feature=youtu.be&#8221;...","og_url":"https:\/\/yesverkosto.fi\/sv","og_site_name":"YES ry","article_publisher":"https:\/\/www.facebook.com\/yesverkosto\/","article_modified_time":"2026-02-17T12:28:03+00:00","twitter_card":"summary_large_image","twitter_site":"@YESverkosto","twitter_misc":{"Ber\u00e4knad l\u00e4stid":"3 minuter"},"schema":{"@context":"https:\/\/schema.org","@graph":[{"@type":"WebPage","@id":"https:\/\/yesverkosto.fi\/sv","url":"https:\/\/yesverkosto.fi\/sv","name":"Framsida - YES ry","isPartOf":{"@id":"https:\/\/yesverkosto.fi\/#website"},"datePublished":"2016-05-10T03:48:21+00:00","dateModified":"2026-02-17T12:28:03+00:00","breadcrumb":{"@id":"https:\/\/yesverkosto.fi\/sv#breadcrumb"},"inLanguage":"sv-SE","potentialAction":[{"@type":"ReadAction","target":["https:\/\/yesverkosto.fi\/sv"]}]},{"@type":"BreadcrumbList","@id":"https:\/\/yesverkosto.fi\/sv#breadcrumb","itemListElement":[{"@type":"ListItem","position":1,"name":"Home","item":"https:\/\/yesverkosto.fi\/sv"},{"@type":"ListItem","position":2,"name":"Framsida"}]},{"@type":"WebSite","@id":"https:\/\/yesverkosto.fi\/#website","url":"https:\/\/yesverkosto.fi\/","name":"YES ry","description":"Yritt&auml;jyyskasvatuksen asiantuntijaverkosto","publisher":{"@id":"https:\/\/yesverkosto.fi\/#organization"},"potentialAction":[{"@type":"SearchAction","target":{"@type":"EntryPoint","urlTemplate":"https:\/\/yesverkosto.fi\/?s={search_term_string}"},"query-input":{"@type":"PropertyValueSpecification","valueRequired":true,"valueName":"search_term_string"}}],"inLanguage":"sv-SE"},{"@type":"Organization","@id":"https:\/\/yesverkosto.fi\/#organization","name":"Valtakunnallinen YES ry","url":"https:\/\/yesverkosto.fi\/","logo":{"@type":"ImageObject","inLanguage":"sv-SE","@id":"https:\/\/yesverkosto.fi\/#\/schema\/logo\/image\/","url":"https:\/\/yesverkosto.fi\/wp-content\/uploads\/2019\/06\/yeslogo_400-e1559811195160.png","contentUrl":"https:\/\/yesverkosto.fi\/wp-content\/uploads\/2019\/06\/yeslogo_400-e1559811195160.png","width":380,"height":380,"caption":"Valtakunnallinen YES ry"},"image":{"@id":"https:\/\/yesverkosto.fi\/#\/schema\/logo\/image\/"},"sameAs":["https:\/\/www.facebook.com\/yesverkosto\/","https:\/\/x.com\/YESverkosto","https:\/\/www.instagram.com\/yesverkosto\/?hl=fi","https:\/\/www.linkedin.com\/company\/yesverkosto\/"]}]}},"_links":{"self":[{"href":"https:\/\/yesverkosto.fi\/sv\/wp-json\/wp\/v2\/pages\/11432","targetHints":{"allow":["GET"]}}],"collection":[{"href":"https:\/\/yesverkosto.fi\/sv\/wp-json\/wp\/v2\/pages"}],"about":[{"href":"https:\/\/yesverkosto.fi\/sv\/wp-json\/wp\/v2\/types\/page"}],"author":[{"embeddable":true,"href":"https:\/\/yesverkosto.fi\/sv\/wp-json\/wp\/v2\/users\/1"}],"replies":[{"embeddable":true,"href":"https:\/\/yesverkosto.fi\/sv\/wp-json\/wp\/v2\/comments?post=11432"}],"version-history":[{"count":6,"href":"https:\/\/yesverkosto.fi\/sv\/wp-json\/wp\/v2\/pages\/11432\/revisions"}],"predecessor-version":[{"id":24694,"href":"https:\/\/yesverkosto.fi\/sv\/wp-json\/wp\/v2\/pages\/11432\/revisions\/24694"}],"wp:attachment":[{"href":"https:\/\/yesverkosto.fi\/sv\/wp-json\/wp\/v2\/media?parent=11432"}],"curies":[{"name":"wp","href":"https:\/\/api.w.org\/{rel}","templated":true}]}}