{"id":11808,"date":"2019-02-10T12:35:53","date_gmt":"2019-02-10T10:35:53","guid":{"rendered":"https:\/\/yesverkosto.fi\/mita-yrittajyyskasvatus-on"},"modified":"2020-06-03T18:01:54","modified_gmt":"2020-06-03T15:01:54","slug":"vad-ar-foretagsamhetsfostran","status":"publish","type":"page","link":"https:\/\/yesverkosto.fi\/sv\/vad-ar-foretagsamhetsfostran","title":{"rendered":"Vad \u00e4r f\u00f6retagsamhetsfostran?"},"content":{"rendered":"[vc_row type=&#8221;full_width_background&#8221; full_screen_row_position=&#8221;middle&#8221; column_margin=&#8221;default&#8221; bg_image=&#8221;9965&#8243; bg_position=&#8221;center center&#8221; bg_repeat=&#8221;no-repeat&#8221; bg_color=&#8221;#00b0ca&#8221; scene_position=&#8221;center&#8221; text_color=&#8221;dark&#8221; text_align=&#8221;left&#8221; top_padding=&#8221;8%&#8221; bottom_padding=&#8221;10%&#8221; color_overlay=&#8221;#000000&#8243; overlay_strength=&#8221;0.3&#8243; shape_divider_position=&#8221;bottom&#8221; bg_image_animation=&#8221;none&#8221; shape_type=&#8221;&#8221;][vc_column centered_text=&#8221;true&#8221; column_padding=&#8221;no-extra-padding&#8221; column_padding_position=&#8221;all&#8221; background_color_opacity=&#8221;1&#8243; background_hover_color_opacity=&#8221;1&#8243; column_link_target=&#8221;_self&#8221; column_shadow=&#8221;none&#8221; column_border_radius=&#8221;none&#8221; width=&#8221;1\/1&#8243; tablet_width_inherit=&#8221;default&#8221; tablet_text_alignment=&#8221;default&#8221; phone_text_alignment=&#8221;default&#8221; overlay_strength=&#8221;0.3&#8243; column_border_width=&#8221;none&#8221; column_border_style=&#8221;solid&#8221; bg_image_animation=&#8221;none&#8221;][vc_custom_heading text=&#8221;VAD \u00c4R F\u00d6RETAGSAMHETSFOSTRAN?&#8221; font_container=&#8221;tag:h1|font_size:70|text_align:center|color:%23ffffff|line_height:80px&#8221; use_theme_fonts=&#8221;yes&#8221;][\/vc_column][\/vc_row][vc_row type=&#8221;in_container&#8221; full_screen_row_position=&#8221;middle&#8221; column_margin=&#8221;default&#8221; scene_position=&#8221;center&#8221; text_color=&#8221;dark&#8221; text_align=&#8221;left&#8221; overlay_strength=&#8221;0.3&#8243; shape_divider_position=&#8221;bottom&#8221; bg_image_animation=&#8221;none&#8221;][vc_column column_padding=&#8221;padding-8-percent&#8221; column_padding_position=&#8221;all&#8221; background_color=&#8221;#ffffff&#8221; background_color_opacity=&#8221;1&#8243; background_hover_color_opacity=&#8221;1&#8243; column_link_target=&#8221;_self&#8221; column_shadow=&#8221;small_depth&#8221; column_border_radius=&#8221;3px&#8221; top_margin=&#8221;-5%&#8221; width=&#8221;1\/1&#8243; tablet_width_inherit=&#8221;default&#8221; tablet_text_alignment=&#8221;default&#8221; phone_text_alignment=&#8221;default&#8221; overlay_strength=&#8221;0.3&#8243; column_border_width=&#8221;none&#8221; bg_image_animation=&#8221;none&#8221;][vc_column_text]\n<h2>F\u00f6retagsamhetsfostran \u00e4r att l\u00e4ra sig f\u00e4rdigheter som beh\u00f6vs i livet.\u00a0F\u00f6retagsamhetsfostran \u00e4r inte bara att fostra till f\u00f6retagare utan m\u00e5let \u00e4r att utveckla en helhetsomfattande inst\u00e4llning och f\u00e4rdigheter.<\/h2>\n[\/vc_column_text][vc_row_inner column_margin=&#8221;default&#8221; text_align=&#8221;left&#8221;][vc_column_inner column_padding=&#8221;no-extra-padding&#8221; column_padding_position=&#8221;all&#8221; background_color_opacity=&#8221;1&#8243; background_hover_color_opacity=&#8221;1&#8243; column_shadow=&#8221;none&#8221; column_border_radius=&#8221;none&#8221; column_link_target=&#8221;_self&#8221; width=&#8221;1\/6&#8243; tablet_width_inherit=&#8221;default&#8221; overlay_strength=&#8221;0.3&#8243; column_border_width=&#8221;none&#8221; column_border_style=&#8221;solid&#8221; bg_image_animation=&#8221;none&#8221;][\/vc_column_inner][vc_column_inner column_padding=&#8221;no-extra-padding&#8221; column_padding_position=&#8221;all&#8221; background_color_opacity=&#8221;1&#8243; background_hover_color_opacity=&#8221;1&#8243; column_shadow=&#8221;none&#8221; column_border_radius=&#8221;none&#8221; column_link_target=&#8221;_self&#8221; width=&#8221;2\/3&#8243; tablet_width_inherit=&#8221;default&#8221; overlay_strength=&#8221;0.3&#8243; column_border_width=&#8221;none&#8221; column_border_style=&#8221;solid&#8221; bg_image_animation=&#8221;none&#8221;][vc_column_text]F\u00f6retagsamhet \u00e4r en f\u00f6rm\u00e5ga att omvandla id\u00e9er till verksamhet. Med f\u00f6retagsamhetsfostran str\u00e4var man till att utveckla och komplettera barns och ungas f\u00f6retagsamhetsberedskap: f\u00f6retagsamhetsfostran fr\u00e4mjar ett initiativtagande och aktivt verksamhetss\u00e4tt och ger den som l\u00e4r sig m\u00f6jligheten att hitta sina egna styrkor och utveckla sina f\u00e4rdigheter.<\/p>\n<h2>F\u00f6retagsamhetsfostran:<\/h2>\n[\/vc_column_text]<div class=\"nectar-fancy-ul\" data-list-icon=\"icon-salient-thin-line\" data-animation=\"false\" data-animation-delay=\"0\" data-color=\"accent-color\" data-spacing=\"default\" data-alignment=\"left\"> \n<ul>\n<li>st\u00e4rker sj\u00e4lvk\u00e4nslan<\/li>\n<li>\u00f6kar modet och motiverar till nya saker<\/li>\n<li>fr\u00e4mjar arbetslivskunskap och \u2013f\u00e4rdighet<\/li>\n<li>f\u00f6rb\u00e4ttrar ekonomiska f\u00e4rdigheter<\/li>\n<li>\u00f6kar vardagsf\u00e4rdigheter<\/li>\n<li>\u00f6kar ansvarstagande<\/li>\n<li>st\u00e4rker f\u00e4rdigheter i grupparbete och att upptr\u00e4da<\/li>\n<li>inspirerar att blicka in i framtiden<\/li>\n<li>uppmuntrar till f\u00f6retagsamhe<\/li>\n<\/ul>\n <\/div>[vc_column_text]F\u00f6retagsamhetsfostran sporrar till en f\u00f6retagsam attityd men ocks\u00e5 till f\u00f6retagande, men alla beh\u00f6ver inte bli f\u00f6retagare. Det viktigaste \u00e4r att unga klarar sig och hittar sin plats i arbetslivet. S\u00e5 skapar de v\u00e4lm\u00e5ende inte bara f\u00f6r sig sj\u00e4lva utan f\u00f6r hela samh\u00e4llet. YES har som m\u00e5l att de unga som utexamineras fr\u00e5n skolan \u00e4r aktiva och f\u00f6retagsamma; de tar sig ut f\u00f6rdomsfritt f\u00f6r att f\u00f6rverkliga sina egna id\u00e9er och v\u00e5gar ta risker.<\/p>\n<p>F\u00f6retagsamhetsfostran \u00e4r inte ett separat l\u00e4ro\u00e4mne, utan meningen \u00e4r att den syns \u00f6verallt i undervisningen. D\u00e5 m\u00e5ste varje l\u00e4rare, rektor och utbildningsutvecklare fundera p\u00e5 vad f\u00f6retagsamhetsfostran inneb\u00e4r i hens undervisning, skola eller kommun.\u00a0F\u00f6retagsamhetsfostran gagnar ocks\u00e5 n\u00e4ringslivet och utg\u00f6r en f\u00f6ruts\u00e4ttning f\u00f6r en livskraftig kommun. D\u00e4rf\u00f6r \u00e4r samarbetet mellan skola och f\u00f6retag en v\u00e4sentlig del av f\u00f6retagsamhetsfostran. Bekanta dig med\u00a0<a href=\"\/sv\/material\">material<\/a>\u00a0och\u00a0tj\u00e4nster\u00a0inom f\u00f6retagsamhetsfostran som YES erbjuder.[\/vc_column_text][\/vc_column_inner][vc_column_inner column_padding=&#8221;no-extra-padding&#8221; column_padding_position=&#8221;all&#8221; background_color_opacity=&#8221;1&#8243; background_hover_color_opacity=&#8221;1&#8243; column_shadow=&#8221;none&#8221; column_border_radius=&#8221;none&#8221; column_link_target=&#8221;_self&#8221; width=&#8221;1\/6&#8243; tablet_width_inherit=&#8221;default&#8221; overlay_strength=&#8221;0.3&#8243; column_border_width=&#8221;none&#8221; column_border_style=&#8221;solid&#8221; bg_image_animation=&#8221;none&#8221;][\/vc_column_inner][\/vc_row_inner][\/vc_column][\/vc_row]\n","protected":false},"excerpt":{"rendered":"<p>[vc_row type=&#8221;full_width_background&#8221; full_screen_row_position=&#8221;middle&#8221; column_margin=&#8221;default&#8221; bg_image=&#8221;9965&#8243; bg_position=&#8221;center center&#8221; bg_repeat=&#8221;no-repeat&#8221; bg_color=&#8221;#00b0ca&#8221; scene_position=&#8221;center&#8221; text_color=&#8221;dark&#8221; text_align=&#8221;left&#8221; top_padding=&#8221;8%&#8221; bottom_padding=&#8221;10%&#8221; color_overlay=&#8221;#000000&#8243;&#8230;<\/p>\n","protected":false},"author":1,"featured_media":0,"parent":0,"menu_order":0,"comment_status":"closed","ping_status":"closed","template":"","meta":{"_acf_changed":false,"footnotes":""},"class_list":["post-11808","page","type-page","status-publish"],"acf":[],"yoast_head":"<!-- This site is optimized with the Yoast SEO plugin v27.4 - https:\/\/yoast.com\/product\/yoast-seo-wordpress\/ -->\n<title>Vad \u00e4r f\u00f6retagsamhetsfostran? - YES ry<\/title>\n<meta name=\"robots\" content=\"index, follow, max-snippet:-1, max-image-preview:large, max-video-preview:-1\" \/>\n<link rel=\"canonical\" href=\"https:\/\/yesverkosto.fi\/sv\/yes__trashed\/vad-ar-foretagsamhetsfostran\" \/>\n<meta property=\"og:locale\" content=\"sv_SE\" \/>\n<meta property=\"og:type\" content=\"article\" \/>\n<meta property=\"og:title\" content=\"Vad \u00e4r f\u00f6retagsamhetsfostran? - YES ry\" \/>\n<meta property=\"og:description\" content=\"[vc_row type=&#8221;full_width_background&#8221; full_screen_row_position=&#8221;middle&#8221; column_margin=&#8221;default&#8221; bg_image=&#8221;9965&#8243; bg_position=&#8221;center center&#8221; bg_repeat=&#8221;no-repeat&#8221; bg_color=&#8221;#00b0ca&#8221; scene_position=&#8221;center&#8221; text_color=&#8221;dark&#8221; text_align=&#8221;left&#8221; top_padding=&#8221;8%&#8221; bottom_padding=&#8221;10%&#8221; color_overlay=&#8221;#000000&#8243;...\" \/>\n<meta property=\"og:url\" content=\"https:\/\/yesverkosto.fi\/sv\/yes__trashed\/vad-ar-foretagsamhetsfostran\" \/>\n<meta property=\"og:site_name\" content=\"YES ry\" \/>\n<meta property=\"article:publisher\" content=\"https:\/\/www.facebook.com\/yesverkosto\/\" \/>\n<meta property=\"article:modified_time\" content=\"2020-06-03T15:01:54+00:00\" \/>\n<meta name=\"twitter:card\" content=\"summary_large_image\" \/>\n<meta name=\"twitter:site\" content=\"@YESverkosto\" \/>\n<meta name=\"twitter:label1\" content=\"Ber\u00e4knad l\u00e4stid\" \/>\n\t<meta name=\"twitter:data1\" content=\"4 minuter\" \/>\n<script type=\"application\/ld+json\" class=\"yoast-schema-graph\">{\"@context\":\"https:\\\/\\\/schema.org\",\"@graph\":[{\"@type\":\"WebPage\",\"@id\":\"https:\\\/\\\/yesverkosto.fi\\\/sv\\\/yes__trashed\\\/vad-ar-foretagsamhetsfostran\",\"url\":\"https:\\\/\\\/yesverkosto.fi\\\/sv\\\/yes__trashed\\\/vad-ar-foretagsamhetsfostran\",\"name\":\"Vad \u00e4r f\u00f6retagsamhetsfostran? - YES ry\",\"isPartOf\":{\"@id\":\"https:\\\/\\\/yesverkosto.fi\\\/#website\"},\"datePublished\":\"2019-02-10T10:35:53+00:00\",\"dateModified\":\"2020-06-03T15:01:54+00:00\",\"breadcrumb\":{\"@id\":\"https:\\\/\\\/yesverkosto.fi\\\/sv\\\/yes__trashed\\\/vad-ar-foretagsamhetsfostran#breadcrumb\"},\"inLanguage\":\"sv-SE\",\"potentialAction\":[{\"@type\":\"ReadAction\",\"target\":[\"https:\\\/\\\/yesverkosto.fi\\\/sv\\\/yes__trashed\\\/vad-ar-foretagsamhetsfostran\"]}]},{\"@type\":\"BreadcrumbList\",\"@id\":\"https:\\\/\\\/yesverkosto.fi\\\/sv\\\/yes__trashed\\\/vad-ar-foretagsamhetsfostran#breadcrumb\",\"itemListElement\":[{\"@type\":\"ListItem\",\"position\":1,\"name\":\"Home\",\"item\":\"https:\\\/\\\/yesverkosto.fi\\\/sv\"},{\"@type\":\"ListItem\",\"position\":2,\"name\":\"Vad \u00e4r f\u00f6retagsamhetsfostran?\"}]},{\"@type\":\"WebSite\",\"@id\":\"https:\\\/\\\/yesverkosto.fi\\\/#website\",\"url\":\"https:\\\/\\\/yesverkosto.fi\\\/\",\"name\":\"YES ry\",\"description\":\"Yritt&auml;jyyskasvatuksen asiantuntijaverkosto\",\"publisher\":{\"@id\":\"https:\\\/\\\/yesverkosto.fi\\\/#organization\"},\"potentialAction\":[{\"@type\":\"SearchAction\",\"target\":{\"@type\":\"EntryPoint\",\"urlTemplate\":\"https:\\\/\\\/yesverkosto.fi\\\/?s={search_term_string}\"},\"query-input\":{\"@type\":\"PropertyValueSpecification\",\"valueRequired\":true,\"valueName\":\"search_term_string\"}}],\"inLanguage\":\"sv-SE\"},{\"@type\":\"Organization\",\"@id\":\"https:\\\/\\\/yesverkosto.fi\\\/#organization\",\"name\":\"Valtakunnallinen YES ry\",\"url\":\"https:\\\/\\\/yesverkosto.fi\\\/\",\"logo\":{\"@type\":\"ImageObject\",\"inLanguage\":\"sv-SE\",\"@id\":\"https:\\\/\\\/yesverkosto.fi\\\/#\\\/schema\\\/logo\\\/image\\\/\",\"url\":\"https:\\\/\\\/yesverkosto.fi\\\/wp-content\\\/uploads\\\/2019\\\/06\\\/yeslogo_400-e1559811195160.png\",\"contentUrl\":\"https:\\\/\\\/yesverkosto.fi\\\/wp-content\\\/uploads\\\/2019\\\/06\\\/yeslogo_400-e1559811195160.png\",\"width\":380,\"height\":380,\"caption\":\"Valtakunnallinen YES ry\"},\"image\":{\"@id\":\"https:\\\/\\\/yesverkosto.fi\\\/#\\\/schema\\\/logo\\\/image\\\/\"},\"sameAs\":[\"https:\\\/\\\/www.facebook.com\\\/yesverkosto\\\/\",\"https:\\\/\\\/x.com\\\/YESverkosto\",\"https:\\\/\\\/www.instagram.com\\\/yesverkosto\\\/?hl=fi\",\"https:\\\/\\\/www.linkedin.com\\\/company\\\/yesverkosto\\\/\"]}]}<\/script>\n<!-- \/ Yoast SEO plugin. -->","yoast_head_json":{"title":"Vad \u00e4r f\u00f6retagsamhetsfostran? - YES ry","robots":{"index":"index","follow":"follow","max-snippet":"max-snippet:-1","max-image-preview":"max-image-preview:large","max-video-preview":"max-video-preview:-1"},"canonical":"https:\/\/yesverkosto.fi\/sv\/yes__trashed\/vad-ar-foretagsamhetsfostran","og_locale":"sv_SE","og_type":"article","og_title":"Vad \u00e4r f\u00f6retagsamhetsfostran? - YES ry","og_description":"[vc_row type=&#8221;full_width_background&#8221; full_screen_row_position=&#8221;middle&#8221; column_margin=&#8221;default&#8221; bg_image=&#8221;9965&#8243; bg_position=&#8221;center center&#8221; bg_repeat=&#8221;no-repeat&#8221; bg_color=&#8221;#00b0ca&#8221; scene_position=&#8221;center&#8221; text_color=&#8221;dark&#8221; text_align=&#8221;left&#8221; top_padding=&#8221;8%&#8221; bottom_padding=&#8221;10%&#8221; color_overlay=&#8221;#000000&#8243;...","og_url":"https:\/\/yesverkosto.fi\/sv\/yes__trashed\/vad-ar-foretagsamhetsfostran","og_site_name":"YES ry","article_publisher":"https:\/\/www.facebook.com\/yesverkosto\/","article_modified_time":"2020-06-03T15:01:54+00:00","twitter_card":"summary_large_image","twitter_site":"@YESverkosto","twitter_misc":{"Ber\u00e4knad l\u00e4stid":"4 minuter"},"schema":{"@context":"https:\/\/schema.org","@graph":[{"@type":"WebPage","@id":"https:\/\/yesverkosto.fi\/sv\/yes__trashed\/vad-ar-foretagsamhetsfostran","url":"https:\/\/yesverkosto.fi\/sv\/yes__trashed\/vad-ar-foretagsamhetsfostran","name":"Vad \u00e4r f\u00f6retagsamhetsfostran? - YES ry","isPartOf":{"@id":"https:\/\/yesverkosto.fi\/#website"},"datePublished":"2019-02-10T10:35:53+00:00","dateModified":"2020-06-03T15:01:54+00:00","breadcrumb":{"@id":"https:\/\/yesverkosto.fi\/sv\/yes__trashed\/vad-ar-foretagsamhetsfostran#breadcrumb"},"inLanguage":"sv-SE","potentialAction":[{"@type":"ReadAction","target":["https:\/\/yesverkosto.fi\/sv\/yes__trashed\/vad-ar-foretagsamhetsfostran"]}]},{"@type":"BreadcrumbList","@id":"https:\/\/yesverkosto.fi\/sv\/yes__trashed\/vad-ar-foretagsamhetsfostran#breadcrumb","itemListElement":[{"@type":"ListItem","position":1,"name":"Home","item":"https:\/\/yesverkosto.fi\/sv"},{"@type":"ListItem","position":2,"name":"Vad \u00e4r f\u00f6retagsamhetsfostran?"}]},{"@type":"WebSite","@id":"https:\/\/yesverkosto.fi\/#website","url":"https:\/\/yesverkosto.fi\/","name":"YES ry","description":"Yritt&auml;jyyskasvatuksen asiantuntijaverkosto","publisher":{"@id":"https:\/\/yesverkosto.fi\/#organization"},"potentialAction":[{"@type":"SearchAction","target":{"@type":"EntryPoint","urlTemplate":"https:\/\/yesverkosto.fi\/?s={search_term_string}"},"query-input":{"@type":"PropertyValueSpecification","valueRequired":true,"valueName":"search_term_string"}}],"inLanguage":"sv-SE"},{"@type":"Organization","@id":"https:\/\/yesverkosto.fi\/#organization","name":"Valtakunnallinen YES ry","url":"https:\/\/yesverkosto.fi\/","logo":{"@type":"ImageObject","inLanguage":"sv-SE","@id":"https:\/\/yesverkosto.fi\/#\/schema\/logo\/image\/","url":"https:\/\/yesverkosto.fi\/wp-content\/uploads\/2019\/06\/yeslogo_400-e1559811195160.png","contentUrl":"https:\/\/yesverkosto.fi\/wp-content\/uploads\/2019\/06\/yeslogo_400-e1559811195160.png","width":380,"height":380,"caption":"Valtakunnallinen YES ry"},"image":{"@id":"https:\/\/yesverkosto.fi\/#\/schema\/logo\/image\/"},"sameAs":["https:\/\/www.facebook.com\/yesverkosto\/","https:\/\/x.com\/YESverkosto","https:\/\/www.instagram.com\/yesverkosto\/?hl=fi","https:\/\/www.linkedin.com\/company\/yesverkosto\/"]}]}},"_links":{"self":[{"href":"https:\/\/yesverkosto.fi\/sv\/wp-json\/wp\/v2\/pages\/11808","targetHints":{"allow":["GET"]}}],"collection":[{"href":"https:\/\/yesverkosto.fi\/sv\/wp-json\/wp\/v2\/pages"}],"about":[{"href":"https:\/\/yesverkosto.fi\/sv\/wp-json\/wp\/v2\/types\/page"}],"author":[{"embeddable":true,"href":"https:\/\/yesverkosto.fi\/sv\/wp-json\/wp\/v2\/users\/1"}],"replies":[{"embeddable":true,"href":"https:\/\/yesverkosto.fi\/sv\/wp-json\/wp\/v2\/comments?post=11808"}],"version-history":[{"count":5,"href":"https:\/\/yesverkosto.fi\/sv\/wp-json\/wp\/v2\/pages\/11808\/revisions"}],"predecessor-version":[{"id":15696,"href":"https:\/\/yesverkosto.fi\/sv\/wp-json\/wp\/v2\/pages\/11808\/revisions\/15696"}],"wp:attachment":[{"href":"https:\/\/yesverkosto.fi\/sv\/wp-json\/wp\/v2\/media?parent=11808"}],"curies":[{"name":"wp","href":"https:\/\/api.w.org\/{rel}","templated":true}]}}